{"id":2608,"date":"2022-07-25T17:43:13","date_gmt":"2022-07-25T15:43:13","guid":{"rendered":"https:\/\/insbrok.com\/el-mejor-seguro-medico-privado-en-espana-para-ti-y-tu-familia\/"},"modified":"2025-02-07T13:15:38","modified_gmt":"2025-02-07T12:15:38","slug":"el-mejor-seguro-medico-privado-en-espana-para-ti-y-tu-familia","status":"publish","type":"page","link":"https:\/\/insbrok.com\/es\/el-mejor-seguro-medico-privado-en-espana-para-ti-y-tu-familia\/","title":{"rendered":"El mejor seguro m\u00e9dico privado en Espa\u00f1a para ti y tu familia"},"content":{"rendered":"<p><img loading=\"lazy\" decoding=\"async\" class=\"aligncenter wp-image-1064 size-large\" src=\"https:\/\/insbrok.com\/wp-content\/uploads\/2022\/10\/medical-insurance-in-spain-for-expats-aproved.jpg\" alt=\"Seguro de salud en Espa\u00f1a para expatriados\" width=\"1024\" height=\"512\"><\/p>\r\n\r\n<div class=\"wp-block-columns is-layout-flex wp-container-core-columns-is-layout-9d6595d7 wp-block-columns-is-layout-flex\">\r\n<div class=\"wp-block-column is-layout-flow wp-block-column-is-layout-flow\">&#13;\r\n<p class=\"has-text-align-center\"><em>Seguro de salud del m\u00e1s alto nivel a un precio asequible. Elija el mejor plan m\u00e9dico para expatriados en Espa\u00f1a<\/em><\/p>&#13;\r\n<\/div>\r\n\r\n\r\n\r\n<div class=\"wp-block-column is-layout-flow wp-block-column-is-layout-flow\">\r\n<div class=\"wp-block-buttons is-layout-flex wp-block-buttons-is-layout-flex\">&#13;\r\n<div class=\"wp-block-button\"><a class=\"wp-block-button__link has-background\" style=\"background-color: #dd7327; border-radius: 9px;\" href=\"https:\/\/insbrok.com\/es\/solicitud-de-presupuesto-de-seguro-de-salud\/\" rel=\"nofollow\">Obtenga un presupuesto ahora<\/a><\/div>&#13;\r\n<\/div>\r\n<\/div>\r\n<\/div>\r\n<p>&nbsp;<\/p>\r\n<h3>\u00bfQu\u00e9 es el seguro m\u00e9dico privado?<\/h3>\r\n<p>El seguro m\u00e9dico privado le permite recibir atenci\u00f3n m\u00e9dica cuando la necesita. Puede considerar la posibilidad de recurrir a la sanidad privada porque los tiempos de espera de los servicios m\u00e9dicos en el sector p\u00fablico son excesivamente largos o porque las autoridades espa\u00f1olas se lo exigen para obtener su residencia (o visado). Sea cual sea el motivo, contratar un seguro m\u00e9dico en Espa\u00f1a no tiene por qu\u00e9 ser complicado. Trabajamos con una serie de compa\u00f1\u00edas de seguros m\u00e9dicos para ofrecerle una asistencia m\u00e9dica completa; consultas de especialistas en el momento que m\u00e1s le convenga y atenci\u00f3n en hospitales privados con su propia habitaci\u00f3n privada y un horario de visitas flexible.<\/p>\r\n<h3>\u00bfC\u00f3mo funciona el seguro m\u00e9dico privado?<\/h3>\r\n<p>Cuando nos enfrentamos a retos inesperados en la vida, el diagn\u00f3stico inmediato y el tratamiento r\u00e1pido son muy importantes. Con un seguro m\u00e9dico privado, se obtiene ayuda antes y se empieza a mejorar antes. Podr\u00e1 reservar una cita con cualquier profesional m\u00e9dico del cuadro m\u00e9dico del hospital, simplemente con la tarjeta m\u00e9dica que recibir\u00e1 al inicio de su cobertura. El personal m\u00e9dico le identificar\u00e1 y cobrar\u00e1 directamente a la compa\u00f1\u00eda de seguros, no habr\u00e1 copagos con nuestro plan de salud.<\/p>\r\n<h3>Ventajas del seguro m\u00e9dico privado<\/h3>\r\n<ul>\r\n<li>Acceso a tecnolog\u00eda pionera en diagn\u00f3stico m\u00e9dico y a los \u00faltimos tratamientos de renombre.<\/li>\r\n<li>Amplia selecci\u00f3n de profesionales de la sanidad privada en el cuadro m\u00e9dico.<\/li>\r\n<li>Las consultas de especialistas est\u00e1n cubiertas y no requieren la derivaci\u00f3n de un m\u00e9dico de cabecera.<\/li>\r\n<li>Acceso inmediato a especialistas m\u00e9dicos y hospitales privados desde el primer d\u00eda de cobertura.<\/li>\r\n<li>Cobertura dental b\u00e1sica con revisiones, extracciones y limpieza dental anual.<\/li>\r\n<\/ul>\r\n<h3>\u00bfPor qu\u00e9 elegirnos?<\/h3>\r\n<p>Hemos creado Insbrok fusionando la tradici\u00f3n de la corredur\u00eda de seguros espa\u00f1ola y la experiencia de la alta consultor\u00eda de reubicaci\u00f3n para ofrecerle exactamente lo que necesita. Nuestros servicios est\u00e1n en constante evoluci\u00f3n y siempre encontramos las mejores opciones en el siempre cambiante sector de los seguros m\u00e9dicos.<\/p>\r\n<p>&nbsp;<\/p>\r\n\r\n<div class=\"wp-block-columns has-2-columns is-layout-flex wp-container-core-columns-is-layout-9d6595d7 wp-block-columns-is-layout-flex\">\r\n<div class=\"wp-block-column is-layout-flow wp-block-column-is-layout-flow\">\r\n<section id=\"text-4\" class=\"widget widget_text\">\r\n<div class=\"widget-wrap\">\r\n<div class=\"textwidget\">\r\n<p> <\/p>\r\n<center><i class=\"fa fa-money fa-5x\" style=\"color: #5c6e91;\" aria-hidden=\"true\"><\/i><br\/><big><strong>Mejor valor<\/strong><\/big><br\/>Cobertura todo incluido sin copagos.<\/center>\r\n<p> <\/p>\r\n<\/div>\r\n<\/div>\r\n<\/section><\/section>\r\n<\/div>\r\n\r\n\r\n\r\n<div class=\"wp-block-column is-layout-flow wp-block-column-is-layout-flow\">\r\n<section id=\"text-3\" class=\"widget widget_text\">\r\n<div class=\"widget-wrap\">\r\n<div class=\"textwidget\">\r\n<p> <\/p>\r\n<center><i class=\"fa fa-user-md fa-5x\" style=\"color: #5c6e91;\" aria-hidden=\"true\"><\/i><br\/><big><strong>Cobertura completa<\/strong><\/big><br\/>La cobertura m\u00e1s completa y una amplia oferta m\u00e9dica.<\/center>\r\n<p> <\/p>\r\n<\/div>\r\n<\/div>\r\n<\/section>\r\n\r\n\r\n\r\n<div class=\"wp-block-columns has-2-columns is-layout-flex wp-container-core-columns-is-layout-9d6595d7 wp-block-columns-is-layout-flex\">\r\n<div class=\"wp-block-column is-layout-flow wp-block-column-is-layout-flow\"><\/div>\r\n<\/div>\r\n<\/div>\r\n<\/div>\r\n\r\n<div class=\"wp-block-columns has-2-columns is-layout-flex wp-container-core-columns-is-layout-9d6595d7 wp-block-columns-is-layout-flex\">\r\n<div class=\"wp-block-column is-layout-flow wp-block-column-is-layout-flow\">\r\n<section id=\"text-2\" class=\"widget widget_text\">\r\n<div class=\"widget-wrap\">\r\n<div class=\"textwidget\">\r\n<p> <\/p>\r\n<center><i class=\"fa fa-spinner fa-5x\" style=\"color: #5c6e91;\"><\/i><br\/><big><strong>Sin tiempos de espera<\/strong><\/big><br\/>Acceso inmediato a especialistas m\u00e9dicos y hospitales desde el primer d\u00eda.<\/center>\r\n<p> <\/p>\r\n<\/div>\r\n<\/div>\r\n<\/section>\r\n<\/div>\r\n\r\n\r\n\r\n<div class=\"wp-block-column is-layout-flow wp-block-column-is-layout-flow\">\r\n<section id=\"text-5\" class=\"widget widget_text\">\r\n<div class=\"widget-wrap\">\r\n<div class=\"textwidget\">\r\n<p> <\/p>\r\n<center><i class=\"fa fa-smile-o fa-5x\" style=\"color: #5c6e91;\" aria-hidden=\"true\"><\/i><br\/><big><strong>Tratamiento dental gratuito<\/strong><\/big><br\/>Est\u00e1n cubiertos los cuidados dentales, las extracciones y la limpieza dental anual.<\/center>\r\n<p> <\/p>\r\n<\/div>\r\n<\/div>\r\n<\/section>\r\n<\/div>\r\n<\/div>\r\n\r\n<section id=\"text-8\" class=\"widget widget_text\">\r\n<div class=\"widget-wrap\">\r\n<div class=\"textwidget\">\r\n<p> <\/p>\r\n<center><i class=\"fa fa-check-square fa-5x\" style=\"color: #5c6e91;\" aria-hidden=\"true\"><\/i><br\/><big><strong>Visado espa\u00f1ol aprobado<\/strong><\/big><br\/>Seguro m\u00e9dico que cumple con todos los requisitos para la VISA y la residencia espa\u00f1ola<\/center><\/div>\r\n<\/div>\r\n<\/section>\r\n\r\n<div class=\"wp-block-columns has-2-columns is-layout-flex wp-container-core-columns-is-layout-9d6595d7 wp-block-columns-is-layout-flex\">\r\n<div class=\"wp-block-column is-layout-flow wp-block-column-is-layout-flow\">\u00a0<\/div>\r\n\r\n\r\n\r\n<div class=\"wp-block-column is-layout-flow wp-block-column-is-layout-flow\">\u00a0<\/div>\r\n<\/div>\r\n<p>&nbsp;<\/p>\r\n\r\n<div class=\"wp-block-genesis-blocks-gb-accordion gaccord gb-block-accordion\"><details><summary class=\"gb-accordion-title\">\u00bfDeber\u00eda contratar a un agente o a un corredor independiente para mi seguro de salud?<\/summary><div class=\"gb-accordion-text\">&#13;\r\n<p>Encontrar la mejor p\u00f3liza de seguro de salud puede ser un reto, ya que hay una gran variedad de aseguradoras y productos entre los que elegir. Como corredor de seguros de salud independiente, no nos inclinamos por una p\u00f3liza de un proveedor en lugar de otra.<\/p>&#13;\r\n\r\n\r\n&#13;\r\n<p>Un agente de seguros s\u00f3lo podr\u00e1 asesorarle sobre sus propios productos y no sobre todo el mercado, lo que constituye una de las ventajas de recurrir a un corredor especializado. En Insbrok trabajamos con todas las aseguradoras del sector, por lo que siempre obtendr\u00e1 un asesoramiento imparcial e independiente.<\/p>&#13;\r\n\r\n\r\n&#13;\r\n<p>Estamos disponibles todo el a\u00f1o para ofrecerle ayuda con cualquier posible problema que se le presente. Con un equipo dedicado de profesionales experimentados, no hay que preocuparse por ser trasladado de departamento en departamento. Siempre puede ponerse en contacto con nosotros directamente a trav\u00e9s de nuestro correo electr\u00f3nico de asistencia.<\/p>&#13;\r\n\r\n\r\n&#13;\r\n<p>El volumen de negocio que realizamos nos da acceso a precios competitivos y a p\u00f3lizas l\u00edderes en el sector que podemos ofrecer con per\u00edodos de espera exentos para los clientes de Insbrok.<\/p>&#13;\r\n\r\n\r\n&#13;\r\n<p>Insbrok es una empresa local con alcance nacional; hemos ayudado a personas de todo el mundo a encontrar un seguro m\u00e9dico privado en Espa\u00f1a.<\/p>&#13;\r\n\r\n\r\n&#13;\r\n<h4 class=\"wp-block-heading\">\u00bfPuedo cambiar de proveedor de seguros m\u00e9dicos?<\/h4>&#13;\r\n\r\n\r\n&#13;\r\n<p>Debe tener un seguro de salud sin complicaciones. Nuestros especialistas en seguros de salud revisar\u00e1n su p\u00f3liza con regularidad para asegurarse de que sigue teniendo la mejor cobertura posible, y si por alguna raz\u00f3n no est\u00e1 satisfecho con su actual proveedor de seguros de salud o su p\u00f3liza, le ayudaremos a cambiar de aseguradora.<\/p>&#13;\r\n<\/div><\/details><\/div>\r\n\r\n<div class=\"wp-block-genesis-blocks-gb-accordion gb-block-accordion\"><details><summary class=\"gb-accordion-title\">\u00bfY los copagos?<\/summary><div class=\"gb-accordion-text\">&#13;\r\n<p>Una gran cantidad de p\u00f3lizas de seguro m\u00e9dico en el mercado espa\u00f1ol est\u00e1n disponibles con copagos, tambi\u00e9n denominados copagos. Los copagos significan que cada vez que usted, como paciente, accede a un servicio m\u00e9dico, tendr\u00e1 que pagar una determinada cantidad por \u00e9l. Es importante mencionar aqu\u00ed que, a pesar de lo grande o peque\u00f1a que sea esta cantidad, los planes de salud con copagos ser\u00e1n rechazados por las autoridades espa\u00f1olas a la hora de solicitar una residencia o un visado espa\u00f1ol.<\/p>&#13;\r\n\r\n\r\n&#13;\r\n<p>En Insbrok s\u00f3lo ofrecemos planes de salud de primer nivel que calificar\u00e1n para las solicitudes de visado y residencia en Espa\u00f1a. Su plan de salud de Insbrok no tendr\u00e1 un copago y no habr\u00e1 deducibles.<\/p>&#13;\r\n<\/div><\/details><\/div>\r\n\r\n<div class=\"wp-block-genesis-blocks-gb-accordion gb-block-accordion\"><details><summary class=\"gb-accordion-title\">Tengo una condici\u00f3n de salud. \u00bfPuedo asegurarme en Espa\u00f1a a pesar de eso?<\/summary><div class=\"gb-accordion-text\">&#13;\r\n<p>Los planes de seguros de salud privados est\u00e1n pensados para cubrir las dolencias cl\u00ednicas o de salud que se desarrollan cuando la p\u00f3liza ya est\u00e1 en vigor, en contraposici\u00f3n a las dolencias que el paciente ya tiene. Pero si tiene una enfermedad preexistente, todav\u00eda hay opciones de cobertura sanitaria privada y, en muchos casos, la aseguradora aceptar\u00e1 su solicitud.<\/p>&#13;\r\n\r\n\r\n&#13;\r\n<p>La mayor\u00eda de los planes de seguro m\u00e9dico no cubren las enfermedades preexistentes, definidas como cualquier enfermedad por la que haya tenido s\u00edntomas o haya recibido alguna consulta, medicaci\u00f3n, cirug\u00eda o cualquier otro tratamiento en el pasado. Encontrar una aseguradora que le proporcione cobertura depende de su estado de salud.<\/p>&#13;\r\n\r\n\r\n&#13;\r\n<h4 class=\"wp-block-heading\">\u00bfQu\u00e9 se considera una enfermedad preexistente?<\/h4>&#13;\r\n\r\n\r\n&#13;\r\n<p>Algunas de las afecciones que entran en estas categor\u00edas son el c\u00e1ncer, la hipertensi\u00f3n, el asma, las enfermedades card\u00edacas, los accidentes cerebrovasculares y la diabetes. Adem\u00e1s, puede incluir afecciones para las que el individuo haya recibido tratamiento m\u00e9dico anteriormente, o una enfermedad ordinaria que se produzca con frecuencia, como el dolor de espalda, por ejemplo. <\/p>&#13;\r\n\r\n\r\n&#13;\r\n<p>No obstante, puede contratar un seguro m\u00e9dico privado independientemente de que tenga una enfermedad preexistente, pero dependiendo de la enfermedad o de su gravedad, las aseguradoras pueden no compensar su tratamiento o cualquier otra dolencia relacionada.<\/p>&#13;\r\n\r\n\r\n&#13;\r\n<p>Si padece una enfermedad preexistente y necesita un seguro m\u00e9dico privado asequible, le resultar\u00e1 m\u00e1s dif\u00edcil encontrar un proveedor de planes de salud de alta calidad.<\/p>&#13;\r\n<\/div><\/details><\/div>\r\n\r\n<div class=\"wp-block-genesis-blocks-gb-accordion gb-block-accordion\"><details><summary class=\"gb-accordion-title\">\u00bfPuedo utilizar mi plan de seguro de salud privado cuando viaje al extranjero?<\/summary><div class=\"gb-accordion-text\">&#13;\r\n<p>Si bien el plan de salud privado est\u00e1 pensado para cubrirle en Espa\u00f1a, los seguros de salud que ofrecemos tambi\u00e9n le aseguran para viajar siempre que la duraci\u00f3n del viaje no supere los 90 d\u00edas.<\/p>&#13;\r\n\r\n\r\n&#13;\r\n<p>El seguro m\u00e9dico internacional m\u00e1s barato le costar\u00eda aproximadamente cuatro veces el precio de la cobertura sanitaria espa\u00f1ola.<\/p>&#13;\r\n<\/div><\/details><\/div>\r\n<p>&nbsp;<\/p>\r\n<p><center><\/p>\r\n\r\n<div class=\"wp-block-buttons is-layout-flex wp-block-buttons-is-layout-flex\">&#13;\r\n<div class=\"wp-block-button\"><a class=\"wp-block-button__link has-background\" style=\"background-color: #885c91; border-radius: 9px;\" href=\"https:\/\/insbrok.com\/es\/solicitud-de-presupuesto-de-seguro-de-salud\/\" rel=\"nofollow\">Cotizaci\u00f3n del seguro de salud en Espa\u00f1a<\/a><\/div>&#13;\r\n<\/div>\r\n<p><center><\/center><\/center><\/p>\r\n<p>&nbsp;<\/p>\r\n","protected":false},"excerpt":{"rendered":"<p>&#13; Seguro de salud del m\u00e1s alto nivel a un precio asequible. Elija el mejor plan m\u00e9dico para expatriados en Espa\u00f1a &#13; &nbsp; \u00bfQu\u00e9 es el seguro m\u00e9dico privado? El seguro m\u00e9dico privado le permite recibir atenci\u00f3n m\u00e9dica cuando la necesita. Puede considerar la posibilidad de recurrir a la sanidad privada porque los tiempos de [&hellip;]<\/p>\n","protected":false},"author":1,"featured_media":2454,"parent":0,"menu_order":0,"comment_status":"closed","ping_status":"closed","template":"","meta":{"_genesis_hide_title":false,"_genesis_hide_breadcrumbs":false,"_genesis_hide_singular_image":false,"_genesis_hide_footer_widgets":false,"_genesis_custom_body_class":"","_genesis_custom_post_class":"","_genesis_layout":"full-width-content","footnotes":""},"class_list":{"0":"post-2608","1":"page","2":"type-page","3":"status-publish","4":"has-post-thumbnail","6":"entry"},"featured_image_src":"https:\/\/insbrok.com\/wp-content\/uploads\/2020\/01\/health-insurance-spain.jpg","featured_image_src_square":"https:\/\/insbrok.com\/wp-content\/uploads\/2020\/01\/health-insurance-spain.jpg","_links":{"self":[{"href":"https:\/\/insbrok.com\/es\/wp-json\/wp\/v2\/pages\/2608","targetHints":{"allow":["GET"]}}],"collection":[{"href":"https:\/\/insbrok.com\/es\/wp-json\/wp\/v2\/pages"}],"about":[{"href":"https:\/\/insbrok.com\/es\/wp-json\/wp\/v2\/types\/page"}],"author":[{"embeddable":true,"href":"https:\/\/insbrok.com\/es\/wp-json\/wp\/v2\/users\/1"}],"replies":[{"embeddable":true,"href":"https:\/\/insbrok.com\/es\/wp-json\/wp\/v2\/comments?post=2608"}],"version-history":[{"count":10,"href":"https:\/\/insbrok.com\/es\/wp-json\/wp\/v2\/pages\/2608\/revisions"}],"predecessor-version":[{"id":5267,"href":"https:\/\/insbrok.com\/es\/wp-json\/wp\/v2\/pages\/2608\/revisions\/5267"}],"wp:featuredmedia":[{"embeddable":true,"href":"https:\/\/insbrok.com\/es\/wp-json\/wp\/v2\/media\/2454"}],"wp:attachment":[{"href":"https:\/\/insbrok.com\/es\/wp-json\/wp\/v2\/media?parent=2608"}],"curies":[{"name":"wp","href":"https:\/\/api.w.org\/{rel}","templated":true}]}}