{"id":4365,"date":"2023-10-27T13:03:57","date_gmt":"2023-10-27T11:03:57","guid":{"rendered":"https:\/\/insbrok.com\/oferta-de-seguro-medico-para-estudiantes\/"},"modified":"2025-02-06T18:11:25","modified_gmt":"2025-02-06T17:11:25","slug":"oferta-de-seguro-medico-para-estudiantes","status":"publish","type":"page","link":"https:\/\/insbrok.com\/es\/oferta-de-seguro-medico-para-estudiantes\/","title":{"rendered":"Oferta de seguro m\u00e9dico para estudiantes"},"content":{"rendered":"<p><\/p>\n\r\n<div class=\"wp-block-buttons is-layout-flex wp-block-buttons-is-layout-flex\">&#13;\n<div class=\"wp-block-button\"><a class=\"wp-block-button__link has-background wp-element-button\" href=\"https:\/\/insbrok.com\/es\/oferta-de-seguro-medico-para-estudiantes-2\/\" style=\"border-radius:15px;background-color:#00AC1D\" rel=\"nofollow\">SOLICITAR AHORA<\/a><\/div>&#13;\n\r\n<p><\/p>\n&#13;\n<p style=\"text-align: justify;\"><br\/>Disfrute de sus estudios en Espa\u00f1a con un seguro m\u00e9dico econ\u00f3mico de primer nivel. Este seguro cubre todas las necesidades m\u00e9dicas de los estudiantes extranjeros durante su estancia en Espa\u00f1a. Tambi\u00e9n incluye cobertura dental y asistencia en viaje para emergencias m\u00e9dicas en el extranjero. <\/p>&#13;\n\r\n<div class=\"wp-block-columns has-2-columns is-layout-flex wp-container-core-columns-is-layout-9d6595d7 wp-block-columns-is-layout-flex\">\r\n<div class=\"wp-block-column is-layout-flow wp-block-column-is-layout-flow\">\n<section id=\"text-4\" class=\"widget widget_text\">\n<div class=\"widget-wrap\">\n<div class=\"textwidget\"><center><img loading=\"lazy\" decoding=\"async\" src=\"https:\/\/cdn.lbiz.es\/font-awesome\/insbrok\/money-bill-1-regular_gidea.svg\" width=\"80\" height=\"80\" style=\"fill: #1E3A79;\"\/> <br\/><big><strong>La mejor relaci\u00f3n calidad-precio<\/strong><\/big><br\/>Cobertura todo incluido sin copagos.<\/center><\/div>\n<\/div>\n<\/section><\/section>\r\n<\/div>\r\n\r\n\r\n\r\n<div class=\"wp-block-column is-layout-flow wp-block-column-is-layout-flow\">\n<section id=\"text-3\" class=\"widget widget_text\">\n<div class=\"widget-wrap\">\n<div class=\"textwidget\"><center><img loading=\"lazy\" decoding=\"async\" src=\"https:\/\/cdn.lbiz.es\/font-awesome\/insbrok\/user-doctor-solid_gidea.svg\" width=\"80\" height=\"80\" style=\"fill: #1E3A79;\"\/> <br\/><big><strong>Cobertura completa<\/strong><\/big><br\/>La cobertura m\u00e1s completa y una amplia oferta m\u00e9dica.<\/center><\/div>\n<\/div>\n<\/section>\n\r\n\r\n\r\n<div class=\"wp-block-columns has-2-columns is-layout-flex wp-container-core-columns-is-layout-9d6595d7 wp-block-columns-is-layout-flex\">\r\n<div class=\"wp-block-column is-layout-flow wp-block-column-is-layout-flow\"><\/div>\r\n<\/div>\r\n<\/div>\r\n<\/div>\r\n\r\n<div class=\"wp-block-columns has-2-columns is-layout-flex wp-container-core-columns-is-layout-9d6595d7 wp-block-columns-is-layout-flex\">\r\n<div class=\"wp-block-column is-layout-flow wp-block-column-is-layout-flow\">\n<section id=\"text-2\" class=\"widget widget_text\">\n<div class=\"widget-wrap\">\n<div class=\"textwidget\">\n<p> <\/p>\n<center><img loading=\"lazy\" decoding=\"async\" src=\"https:\/\/cdn.lbiz.es\/font-awesome\/insbrok\/spinner-solid_gidea.svg\" width=\"80\" height=\"80\" style=\"fill: #1E3A79;\"\/><br\/><big><strong>Sin tiempos de espera<\/strong><\/big><br\/>Acceso inmediato a especialistas m\u00e9dicos y hospitales desde el primer d\u00eda.<\/center>\n<p> <\/p>\n<\/div>\n<\/div>\n<\/section>\n<\/div>\r\n\r\n\r\n\r\n<div class=\"wp-block-column is-layout-flow wp-block-column-is-layout-flow\">\n<section id=\"text-5\" class=\"widget widget_text\">\n<div class=\"widget-wrap\">\n<div class=\"textwidget\">\n<p> <\/p>\n<center><img loading=\"lazy\" decoding=\"async\" src=\"https:\/\/cdn.lbiz.es\/font-awesome\/insbrok\/tooth-solid_gidea.svg\" width=\"80\" height=\"80\" style=\"fill: #1E3A79;\"\/><br\/><big><strong>Tratamiento dental gratuito<\/strong><\/big><br\/>Est\u00e1n cubiertos los cuidados dentales, las extracciones y la limpieza dental anual.<\/center>\n<p> <\/p>\n<\/div>\n<\/div>\n<\/section>\n<\/div>\r\n<\/div>\r\n\n<section id=\"text-8\" class=\"widget widget_text\">\n<div class=\"widget-wrap\">\n<div class=\"textwidget\">\n<p> <\/p>\n<center><img loading=\"lazy\" decoding=\"async\" src=\"https:\/\/cdn.lbiz.es\/font-awesome\/insbrok\/briefcase-solid_gidea.svg\" width=\"80\" height=\"80\" style=\"fill: #1E3A79;\"\/><br\/><big><strong>Visado espa\u00f1ol aprobado<\/strong><\/big><br\/>Seguro m\u00e9dico que cumple todos los requisitos para la VISA espa\u00f1ola y la residencia<\/center><\/div>\n<\/div>\n<\/section>\n\r\n<div class=\"wp-block-columns has-2-columns is-layout-flex wp-container-core-columns-is-layout-9d6595d7 wp-block-columns-is-layout-flex\">\r\n<div class=\"wp-block-column is-layout-flow wp-block-column-is-layout-flow\">\u00a0<\/div>\r\n\r\n\r\n\r\n<div class=\"wp-block-column is-layout-flow wp-block-column-is-layout-flow\">\u00a0<\/div>\r\n<\/div>\r\n","protected":false},"excerpt":{"rendered":"<p>&#13; Disfrute de sus estudios en Espa\u00f1a con un seguro m\u00e9dico econ\u00f3mico de primer nivel. Este seguro cubre todas las necesidades m\u00e9dicas de los estudiantes extranjeros durante su estancia en Espa\u00f1a. Tambi\u00e9n incluye cobertura dental y asistencia en viaje para emergencias m\u00e9dicas en el extranjero. &#13; La mejor relaci\u00f3n calidad-precioCobertura todo incluido sin copagos. Cobertura [&hellip;]<\/p>\n","protected":false},"author":1,"featured_media":0,"parent":0,"menu_order":0,"comment_status":"closed","ping_status":"closed","template":"page_landing_colab_students.php","meta":{"_genesis_hide_title":false,"_genesis_hide_breadcrumbs":false,"_genesis_hide_singular_image":false,"_genesis_hide_footer_widgets":false,"_genesis_custom_body_class":"","_genesis_custom_post_class":"","_genesis_layout":"","footnotes":""},"class_list":{"0":"post-4365","1":"page","2":"type-page","3":"status-publish","5":"entry"},"featured_image_src":null,"featured_image_src_square":null,"_links":{"self":[{"href":"https:\/\/insbrok.com\/es\/wp-json\/wp\/v2\/pages\/4365","targetHints":{"allow":["GET"]}}],"collection":[{"href":"https:\/\/insbrok.com\/es\/wp-json\/wp\/v2\/pages"}],"about":[{"href":"https:\/\/insbrok.com\/es\/wp-json\/wp\/v2\/types\/page"}],"author":[{"embeddable":true,"href":"https:\/\/insbrok.com\/es\/wp-json\/wp\/v2\/users\/1"}],"replies":[{"embeddable":true,"href":"https:\/\/insbrok.com\/es\/wp-json\/wp\/v2\/comments?post=4365"}],"version-history":[{"count":7,"href":"https:\/\/insbrok.com\/es\/wp-json\/wp\/v2\/pages\/4365\/revisions"}],"predecessor-version":[{"id":5261,"href":"https:\/\/insbrok.com\/es\/wp-json\/wp\/v2\/pages\/4365\/revisions\/5261"}],"wp:attachment":[{"href":"https:\/\/insbrok.com\/es\/wp-json\/wp\/v2\/media?parent=4365"}],"curies":[{"name":"wp","href":"https:\/\/api.w.org\/{rel}","templated":true}]}}