{"id":5221,"date":"2025-02-03T16:48:09","date_gmt":"2025-02-03T15:48:09","guid":{"rendered":"https:\/\/insbrok.com\/garantias-de-defensa-juridica-arag\/"},"modified":"2025-02-03T16:48:09","modified_gmt":"2025-02-03T15:48:09","slug":"garantias-de-defensa-juridica-arag","status":"publish","type":"page","link":"https:\/\/insbrok.com\/es\/garantias-de-defensa-juridica-arag\/","title":{"rendered":"Garant\u00edas de defensa jur\u00eddica Arag"},"content":{"rendered":"<p><img loading=\"lazy\" decoding=\"async\" class=\"aligncenter size-full wp-image-4963\" src=\"https:\/\/insbrok.com\/wp-content\/uploads\/2024\/07\/arag_tiny.png\" alt=\"ARAG\" width=\"150\" height=\"150\" srcset=\"https:\/\/insbrok.com\/wp-content\/uploads\/2024\/07\/arag_tiny.png 602w, https:\/\/insbrok.com\/wp-content\/uploads\/2024\/07\/arag_tiny-300x300.png 300w, https:\/\/insbrok.com\/wp-content\/uploads\/2024\/07\/arag_tiny-150x150.png 150w, https:\/\/insbrok.com\/wp-content\/uploads\/2024\/07\/arag_tiny-600x600.png 600w\" sizes=\"auto, (max-width: 150px) 100vw, 150px\" \/><\/p>\n<h2>Defensa jur\u00eddica b\u00e1sica<\/h2>\n<table>\n<tr>\n<th>Servicio<\/th>\n<th><a href=\"#limits\">L\u00edmite<\/a><\/th>\n<\/tr>\n<tr>\n<td>Asistencia jur\u00eddica a distancia<\/td>\n<td>Servicio ARAG<\/td>\n<\/tr>\n<tr>\n<td>Defensa Penal<\/td>\n<td>6,000 \u20ac<\/td>\n<\/tr>\n<tr>\n<td>Fianzas<\/td>\n<td>6,000 \u20ac<\/td>\n<\/tr>\n<\/table>\n<h2>Defensa Jur\u00eddica Ampliada<\/h2>\n<table>\n<tbody>\n<tr>\n<th>Art\u00edculo y garant\u00eda<\/th>\n<th><a href=\"#limits\">L\u00edmite<\/a><\/th>\n<\/tr>\n<tr>\n<td>Revisi\u00f3n y redacci\u00f3n de documentos y contratos<\/td>\n<td>Servicio ARAG<\/td>\n<\/tr>\n<tr>\n<td>Servicios jur\u00eddicos en l\u00ednea<\/td>\n<td><\/td>\n<\/tr>\n<tr>\n<td>Reclamaci\u00f3n extracontractual<\/td>\n<td>6,000.00 \u20ac<\/td>\n<\/tr>\n<tr>\n<td style=\"padding-left: 20px;\">Reclamaci\u00f3n extracontractual &#8211; Da\u00f1os corporales<\/td>\n<td><\/td>\n<\/tr>\n<tr>\n<td style=\"padding-left: 20px;\">Reclamaci\u00f3n extracontractual &#8211; Agresiones f\u00edsicas<\/td>\n<td><\/td>\n<\/tr>\n<tr>\n<td style=\"padding-left: 20px;\">Reclamaci\u00f3n extracontractual &#8211; Da\u00f1os materiales<\/td>\n<td><\/td>\n<\/tr>\n<tr>\n<td>Defensa civil y penal complementaria<\/td>\n<td><\/td>\n<\/tr>\n<tr>\n<td>Defensa de los derechos relacionados con la vivienda<\/td>\n<td><\/td>\n<\/tr>\n<tr>\n<td style=\"padding-left: 20px;\">Vivienda &#8211; Reclamaci\u00f3n por da\u00f1os materiales<\/td>\n<td>6,000.00 \u20ac<\/td>\n<\/tr>\n<tr>\n<td style=\"padding-left: 20px;\">Vivienda &#8211; Reclamaci\u00f3n por incumplimiento de contrato<\/td>\n<td>6,000.00 \u20ac<\/td>\n<\/tr>\n<tr>\n<td style=\"padding-left: 20px;\">Vivienda &#8211; Reclamaci\u00f3n a vecinos por vulneraci\u00f3n de normas legales<\/td>\n<td>6,000.00 \u20ac<\/td>\n<\/tr>\n<tr>\n<td style=\"padding-left: 20px;\">Vivienda &#8211; Defensa y reclamaci\u00f3n en conflictos con vecinos<\/td>\n<td>6,000.00 \u20ac<\/td>\n<\/tr>\n<tr>\n<td style=\"padding-left: 20px;\">Vivienda &#8211; Defensa y reclamaci\u00f3n frente a la comunidad de propietarios<\/td>\n<td>6,000.00 \u20ac<\/td>\n<\/tr>\n<tr>\n<td style=\"padding-left: 20px;\">Vivienda &#8211; Defensa y reclamaci\u00f3n como inquilino<\/td>\n<td>6,000.00 \u20ac<\/td>\n<\/tr>\n<tr>\n<td style=\"padding-left: 20px;\">Vivienda &#8211; Ocupaci\u00f3n ilegal de vivienda<\/td>\n<td>6,000.00 \u20ac<\/td>\n<\/tr>\n<tr>\n<td style=\"padding-left: 20px;\">Vivienda &#8211; \u00abMobbing\u00bb o acoso inmobiliario<\/td>\n<td>6,000.00 \u20ac<\/td>\n<\/tr>\n<tr>\n<td style=\"padding-left: 20px;\">Vivienda &#8211; Incumplimiento del contrato de compraventa de vivienda<\/td>\n<td>6,000.00 \u20ac<\/td>\n<\/tr>\n<tr>\n<td>Consumo<\/td>\n<td>6,000.00 \u20ac<\/td>\n<\/tr>\n<tr>\n<td style=\"padding-left: 20px;\">Consumo &#8211; Contratos de compra y dep\u00f3sito<\/td>\n<td><\/td>\n<\/tr>\n<tr>\n<td style=\"padding-left: 20px;\">Consumo &#8211; Contratos de arrendamiento de servicios<\/td>\n<td><\/td>\n<\/tr>\n<tr>\n<td style=\"padding-left: 20px;\">Consumo &#8211; Contratos de suministro<\/td>\n<td><\/td>\n<\/tr>\n<tr>\n<td style=\"padding-left: 40px;\">M\u00ednimo de litigios<\/td>\n<td>300.00 \u20ac<\/td>\n<\/tr>\n<tr>\n<td>Consumo &#8211; Contratos de seguro<\/td>\n<td><\/td>\n<\/tr>\n<tr>\n<td>Protecci\u00f3n administrativa y fiscal<\/td>\n<td>6,000.00 \u20ac<\/td>\n<\/tr>\n<tr>\n<td>Protecci\u00f3n administrativa y fiscal &#8211; Administrativa<\/td>\n<td><\/td>\n<\/tr>\n<tr>\n<td style=\"padding-left: 40px;\">M\u00ednimo contencioso<\/td>\n<td>600.00 \u20ac<\/td>\n<\/tr>\n<tr>\n<td>Protecci\u00f3n administrativa y fiscal &#8211; Fiscal<\/td>\n<td>6,000.00 \u20ac<\/td>\n<\/tr>\n<tr>\n<td style=\"padding-left: 40px;\">M\u00ednimo contencioso<\/td>\n<td>600.00 \u20ac<\/td>\n<\/tr>\n<tr>\n<td>Protecci\u00f3n administrativa y fiscal &#8211; Valoraci\u00f3n catastral de viviendas<\/td>\n<td>6,000.00 \u20ac<\/td>\n<\/tr>\n<tr>\n<td style=\"padding-left: 40px;\">M\u00ednimo contencioso<\/td>\n<td>600.00 \u20ac<\/td>\n<\/tr>\n<\/tbody>\n<\/table>\n<p id=\"limits\" class=\"content-box-yellow\"><i>* Ten en cuenta que los l\u00edmites aqu\u00ed mencionados s\u00f3lo se aplican si decides recurrir a abogados ajenos a Arag. Si recurres a los propios profesionales de Arag, no existen l\u00edmites para tu cobertura de defensa jur\u00eddica. <\/i><\/p>\n","protected":false},"excerpt":{"rendered":"<p>Defensa jur\u00eddica b\u00e1sica Servicio L\u00edmite Asistencia jur\u00eddica a distancia Servicio ARAG Defensa Penal 6,000 \u20ac Fianzas 6,000 \u20ac Defensa Jur\u00eddica Ampliada Art\u00edculo y garant\u00eda L\u00edmite Revisi\u00f3n y redacci\u00f3n de documentos y contratos Servicio ARAG Servicios jur\u00eddicos en l\u00ednea Reclamaci\u00f3n extracontractual 6,000.00 \u20ac Reclamaci\u00f3n extracontractual &#8211; Da\u00f1os corporales Reclamaci\u00f3n extracontractual &#8211; Agresiones f\u00edsicas Reclamaci\u00f3n extracontractual &#8211; [&hellip;]<\/p>\n","protected":false},"author":1,"featured_media":0,"parent":0,"menu_order":0,"comment_status":"closed","ping_status":"closed","template":"","meta":{"_genesis_hide_title":false,"_genesis_hide_breadcrumbs":false,"_genesis_hide_singular_image":false,"_genesis_hide_footer_widgets":false,"_genesis_custom_body_class":"","_genesis_custom_post_class":"","_genesis_layout":"","footnotes":""},"class_list":{"0":"post-5221","1":"page","2":"type-page","3":"status-publish","5":"entry","6":"has-post-thumbnail"},"featured_image_src":null,"featured_image_src_square":null,"_links":{"self":[{"href":"https:\/\/insbrok.com\/es\/wp-json\/wp\/v2\/pages\/5221","targetHints":{"allow":["GET"]}}],"collection":[{"href":"https:\/\/insbrok.com\/es\/wp-json\/wp\/v2\/pages"}],"about":[{"href":"https:\/\/insbrok.com\/es\/wp-json\/wp\/v2\/types\/page"}],"author":[{"embeddable":true,"href":"https:\/\/insbrok.com\/es\/wp-json\/wp\/v2\/users\/1"}],"replies":[{"embeddable":true,"href":"https:\/\/insbrok.com\/es\/wp-json\/wp\/v2\/comments?post=5221"}],"version-history":[{"count":0,"href":"https:\/\/insbrok.com\/es\/wp-json\/wp\/v2\/pages\/5221\/revisions"}],"wp:attachment":[{"href":"https:\/\/insbrok.com\/es\/wp-json\/wp\/v2\/media?parent=5221"}],"curies":[{"name":"wp","href":"https:\/\/api.w.org\/{rel}","templated":true}]}}