{"id":5222,"date":"2025-02-03T16:48:10","date_gmt":"2025-02-03T15:48:10","guid":{"rendered":"https:\/\/insbrok.com\/seguro-de-responsabilidad-civil-para-mascotas\/"},"modified":"2025-09-11T16:59:36","modified_gmt":"2025-09-11T14:59:36","slug":"seguro-de-responsabilidad-civil-para-mascotas","status":"publish","type":"page","link":"https:\/\/insbrok.com\/es\/seguro-de-responsabilidad-civil-para-mascotas\/","title":{"rendered":"Seguro de Responsabilidad Civil para Mascotas"},"content":{"rendered":"<p><strong>Por qu\u00e9 es importante el Seguro de Responsabilidad Civil para Mascotas en Espa\u00f1a<\/strong> La reciente introducci\u00f3n de la Ley de Bienestar Animal en Espa\u00f1a ha tra\u00eddo importantes cambios para los propietarios de mascotas. Ahora, todos los propietarios de perros en Espa\u00f1a deben tener un seguro de Responsabilidad Civil (tambi\u00e9n conocido como seguro de Responsabilidad Civil o seguro de Responsabilidad Animal) para sus peludos compa\u00f1eros. Esta cobertura proporciona hasta 600.000 euros en caso de incidentes como peleas de perros, ataques o da\u00f1os a la propiedad. \u00a1Se trata de ser responsable y cuidar de nuestros amigos de cuatro patas! <strong>Fecha importante:<\/strong> A partir del 29 de septiembre de 2023, esta ley se aplica a todos los perros, independientemente de su raza o tama\u00f1o. As\u00ed que, tanto si tienes un chihuahua peque\u00f1ito como un San Bernardo grande y esponjoso, aseg\u00farate de que est\u00e1s cubierto.   <\/p>\n<p style=\"text-align: center;\"><a class=\"button primary\" href=\"https:\/\/insbrok.com\/es\/segurcaixa-mascotas\/\">Consigue un presupuesto de seguro para mascotas<\/a><\/p>\n","protected":false},"excerpt":{"rendered":"<p>Por qu\u00e9 es importante el Seguro de Responsabilidad Civil para Mascotas en Espa\u00f1a La reciente introducci\u00f3n de la Ley de Bienestar Animal en Espa\u00f1a ha tra\u00eddo importantes cambios para los propietarios de mascotas. Ahora, todos los propietarios de perros en Espa\u00f1a deben tener un seguro de Responsabilidad Civil (tambi\u00e9n conocido como seguro de Responsabilidad Civil [&hellip;]<\/p>\n","protected":false},"author":1,"featured_media":0,"parent":0,"menu_order":0,"comment_status":"closed","ping_status":"closed","template":"","meta":{"_genesis_hide_title":false,"_genesis_hide_breadcrumbs":false,"_genesis_hide_singular_image":false,"_genesis_hide_footer_widgets":false,"_genesis_custom_body_class":"","_genesis_custom_post_class":"","_genesis_layout":"","footnotes":""},"class_list":{"0":"post-5222","1":"page","2":"type-page","3":"status-publish","5":"entry"},"featured_image_src":null,"featured_image_src_square":null,"_links":{"self":[{"href":"https:\/\/insbrok.com\/es\/wp-json\/wp\/v2\/pages\/5222","targetHints":{"allow":["GET"]}}],"collection":[{"href":"https:\/\/insbrok.com\/es\/wp-json\/wp\/v2\/pages"}],"about":[{"href":"https:\/\/insbrok.com\/es\/wp-json\/wp\/v2\/types\/page"}],"author":[{"embeddable":true,"href":"https:\/\/insbrok.com\/es\/wp-json\/wp\/v2\/users\/1"}],"replies":[{"embeddable":true,"href":"https:\/\/insbrok.com\/es\/wp-json\/wp\/v2\/comments?post=5222"}],"version-history":[{"count":2,"href":"https:\/\/insbrok.com\/es\/wp-json\/wp\/v2\/pages\/5222\/revisions"}],"predecessor-version":[{"id":5528,"href":"https:\/\/insbrok.com\/es\/wp-json\/wp\/v2\/pages\/5222\/revisions\/5528"}],"wp:attachment":[{"href":"https:\/\/insbrok.com\/es\/wp-json\/wp\/v2\/media?parent=5222"}],"curies":[{"name":"wp","href":"https:\/\/api.w.org\/{rel}","templated":true}]}}