{"id":5228,"date":"2025-02-03T17:10:09","date_gmt":"2025-02-03T16:10:09","guid":{"rendered":"https:\/\/insbrok.com\/cobertura-de-decesos-y-repatriacion\/"},"modified":"2025-02-03T17:10:09","modified_gmt":"2025-02-03T16:10:09","slug":"cobertura-de-decesos-y-repatriacion","status":"publish","type":"page","link":"https:\/\/insbrok.com\/es\/cobertura-de-decesos-y-repatriacion\/","title":{"rendered":"Cobertura de Decesos y Repatriaci\u00f3n"},"content":{"rendered":"<p><img loading=\"lazy\" decoding=\"async\" class=\"aligncenter wp-image-631\" src=\"https:\/\/insbrok.com\/wp-content\/uploads\/2020\/04\/Funeral-insurance-spain.jpg\" alt=\"\" width=\"650\" height=\"434\" srcset=\"https:\/\/insbrok.com\/wp-content\/uploads\/2020\/04\/Funeral-insurance-spain.jpg 500w, https:\/\/insbrok.com\/wp-content\/uploads\/2020\/04\/Funeral-insurance-spain-300x200.jpg 300w\" sizes=\"auto, (max-width: 650px) 100vw, 650px\" \/>Cada vez m\u00e1s personas se animan a contratar un seguro de Vida o de Fallecimiento para proteger el futuro de su familia cuando ya no est\u00e9n. Pero, \u00bfrealizan estas dos clases de seguro la misma funci\u00f3n? Aunque ambas comienzan despu\u00e9s del fallecimiento (o discapacidad, en el seguro de Vida) del asegurado, la cobertura que tienen es diferente. El Seguro de Fallecimiento, tambi\u00e9n llamado seguro de Funeral, cubre los gastos relacionados con el funeral del asegurado y los diferentes tr\u00e1mites administrativos que esto genera. Este seguro presta un servicio a los familiares para que no tengan que preocuparse por pagar el funeral o gestionar la documentaci\u00f3n necesaria en esos momentos dif\u00edciles. Aunque el seguro de Riesgo de Vida ofrece una compensaci\u00f3n econ\u00f3mica a los beneficiarios de la p\u00f3liza despu\u00e9s del fallecimiento del tomador. Se trata de una cantidad fija (o varias cantidades) que el asegurado ha establecido en el contrato. Con este seguro, el asegurado pretende mantener la estabilidad econ\u00f3mica de sus seres queridos en el futuro cuando ya no est\u00e9 o sufra un accidente que le impida generar los ingresos necesarios. Adem\u00e1s de estos beneficios, ambos tipos de seguro suelen incluir garant\u00edas exclusivas adicionales (opcionales en algunos casos). Por ejemplo, asistencia en viajes o la creaci\u00f3n del testamento online para el seguro de Funeral, o cobertura relacionada con la discapacidad absoluta o permanente para el seguro de Vida. Por lo tanto, la elecci\u00f3n de uno u otro seguro depender\u00e1 de las necesidades individuales. Para clarificar, el <a href=\"https:\/\/insbrok.com\/es\/seguro-de-vida\/\">Seguro de Vida<\/a> y el Seguro de Decesos no son incompatibles, sino complementarios. Por ejemplo, si desea ofrecer una mayor protecci\u00f3n a sus seres queridos en el futuro, no es infrecuente contratar ambos seguros, ya que su prop\u00f3sito es diferente. Para obtener un cotizaci\u00f3n de cobertura de fallecimiento, siga el enlace a continuaci\u00f3n y podr\u00e1 elegir una cobertura completa o solo Repatriaci\u00f3n:  <\/p>\n<div class=\"wp-block-button aligncenter\"><a class=\"wp-block-button__link has-background\" style=\"background-color: #013364;\" href=\"https:\/\/insbrok.com\/es\/cobertura-de-fallecimiento-y-repatriacion\/\">Cobertura de Decesos y Repatriaci\u00f3n<\/a><\/div>\n","protected":false},"excerpt":{"rendered":"<p>Cada vez m\u00e1s personas se animan a contratar un seguro de Vida o de Fallecimiento para proteger el futuro de su familia cuando ya no est\u00e9n. Pero, \u00bfrealizan estas dos clases de seguro la misma funci\u00f3n? Aunque ambas comienzan despu\u00e9s del fallecimiento (o discapacidad, en el seguro de Vida) del asegurado, la cobertura que tienen [&hellip;]<\/p>\n","protected":false},"author":1,"featured_media":0,"parent":0,"menu_order":0,"comment_status":"closed","ping_status":"closed","template":"","meta":{"_genesis_hide_title":false,"_genesis_hide_breadcrumbs":false,"_genesis_hide_singular_image":false,"_genesis_hide_footer_widgets":false,"_genesis_custom_body_class":"","_genesis_custom_post_class":"","_genesis_layout":"","footnotes":""},"class_list":{"0":"post-5228","1":"page","2":"type-page","3":"status-publish","5":"entry","6":"has-post-thumbnail"},"featured_image_src":null,"featured_image_src_square":null,"_links":{"self":[{"href":"https:\/\/insbrok.com\/es\/wp-json\/wp\/v2\/pages\/5228","targetHints":{"allow":["GET"]}}],"collection":[{"href":"https:\/\/insbrok.com\/es\/wp-json\/wp\/v2\/pages"}],"about":[{"href":"https:\/\/insbrok.com\/es\/wp-json\/wp\/v2\/types\/page"}],"author":[{"embeddable":true,"href":"https:\/\/insbrok.com\/es\/wp-json\/wp\/v2\/users\/1"}],"replies":[{"embeddable":true,"href":"https:\/\/insbrok.com\/es\/wp-json\/wp\/v2\/comments?post=5228"}],"version-history":[{"count":0,"href":"https:\/\/insbrok.com\/es\/wp-json\/wp\/v2\/pages\/5228\/revisions"}],"wp:attachment":[{"href":"https:\/\/insbrok.com\/es\/wp-json\/wp\/v2\/media?parent=5228"}],"curies":[{"name":"wp","href":"https:\/\/api.w.org\/{rel}","templated":true}]}}