{"id":5231,"date":"2025-02-03T17:18:21","date_gmt":"2025-02-03T16:18:21","guid":{"rendered":"https:\/\/insbrok.com\/seguro-de-hogar-en-espana\/"},"modified":"2025-02-07T13:22:09","modified_gmt":"2025-02-07T12:22:09","slug":"seguro-de-hogar-en-espana","status":"publish","type":"page","link":"https:\/\/insbrok.com\/es\/seguro-de-hogar-en-espana\/","title":{"rendered":"Seguro de hogar en Espa\u00f1a"},"content":{"rendered":"<p><a href=\"https:\/\/insbrok.com\/es\/seguro-de-hogar\/\">Calcula tu Seguro de Hogar<\/a><\/p>\n<h3>Opciones de seguro de hogar<\/h3>\n<p>Dependiendo del uso al que destine su hogar, ofrecemos las siguientes opciones de seguro de hogar: residencia habitual, vivienda de vacaciones o vivienda de alquiler (como propietario). Personalice su p\u00f3liza con coberturas opcionales. Le ofrecemos las que mejor se adaptan al tipo de hogar que desea asegurar.<\/p>\n<h3>Cobertura b\u00e1sica<\/h3>\n<ul>\n<li>Incendio, explosi\u00f3n, ca\u00edda de rayo y gastos<\/li>\n<li>Extensivo y meteorol\u00f3gico (lluvia, viento, actos vand\u00e1licos&#8230;)<\/li>\n<li>Da\u00f1os el\u00e9ctricos<\/li>\n<li>Da\u00f1os est\u00e9ticos<\/li>\n<li>Roturas (cristales, espejos, placas vitrocer\u00e1micas, sanitarios&#8230;)<\/li>\n<li>Da\u00f1os por agua<\/li>\n<li>Robo<\/li>\n<li>Habitabilidad de la vivienda<\/li>\n<li>Responsabilidad civil y protecci\u00f3n jur\u00eddica<\/li>\n<li>Servihogar (asistencia a domicilio 24 horas al d\u00eda, 365 d\u00edas al a\u00f1o)<\/li>\n<li>Servicio de manitas &#8211; Tareas de mantenimiento dom\u00e9stico<\/li>\n<\/ul>\n<p style=\"text-align: center;\"><a class=\"button primary\" href=\"https:\/\/insbrok.com\/es\/seguro-de-hogar\/\">Consigue un presupuesto de seguro de hogar<\/a><\/p>\n<h3><span class=\"tlid-translation translation\"><span class=\"\" title=\"\">Gu\u00eda pr\u00e1ctica para obtener el mejor presupuesto de seguro de hogar<br \/>\n<\/span><\/span><\/h3>\n<p><span class=\"tlid-translation translation\"><span class=\"\" title=\"\">Hemos preparado una peque\u00f1a gu\u00eda con informaci\u00f3n que puede ayudarte a la hora de contratar tu seguro de hogar. <\/span><span class=\"\" title=\"\">Consejos para contratar un seguro de hogar.<\/span> <span class=\"\" title=\"\">Lo que debes tener en cuenta antes de contratar:<\/span><\/span><\/p>\n<p>Proporcione siempre informaci\u00f3n correcta. Su prima se calcula de manera personalizada en funci\u00f3n de sus datos. Si los datos son incorrectos, puede ocurrir que cuando declare un siniestro, el asegurador no se haga cargo de las consecuencias. 2. No compare su seguro de hogar con el de su vecino. Cada persona y cada hogar tienen caracter\u00edsticas \u00fanicas. Los l\u00edmites asegurados, joyas, ubicaci\u00f3n y otros factores, tienen una relaci\u00f3n directa con el precio de su seguro. 3. Conozca la informaci\u00f3n b\u00e1sica de la casa que va a asegurar: metros cuadrados, a\u00f1o de construcci\u00f3n, etc. 4. Haga un inventario de las cosas que desea asegurar: joyas, muebles, etc. 5. Medidas de seguridad. Es necesario comunicar la existencia de alarmas, barrotes de seguridad, puertas de seguridad, etc. para poder ajustar correctamente la prima. 6. Tenga en cuenta las exclusiones del seguro. Son los casos espec\u00edficos en los que un determinado riesgo no est\u00e1 cubierto.  <\/p>\n<p><a href=\"https:\/\/insbrok.com\/es\/seguro-de-hogar\/\">COMENZAR AHORA<\/a><\/p>\n","protected":false},"excerpt":{"rendered":"<p>Calcula tu Seguro de Hogar Opciones de seguro de hogar Dependiendo del uso al que destine su hogar, ofrecemos las siguientes opciones de seguro de hogar: residencia habitual, vivienda de vacaciones o vivienda de alquiler (como propietario). Personalice su p\u00f3liza con coberturas opcionales. Le ofrecemos las que mejor se adaptan al tipo de hogar que [&hellip;]<\/p>\n","protected":false},"author":1,"featured_media":2452,"parent":0,"menu_order":0,"comment_status":"closed","ping_status":"closed","template":"","meta":{"_genesis_hide_title":false,"_genesis_hide_breadcrumbs":false,"_genesis_hide_singular_image":false,"_genesis_hide_footer_widgets":false,"_genesis_custom_body_class":"","_genesis_custom_post_class":"","_genesis_layout":"","footnotes":""},"class_list":{"0":"post-5231","1":"page","2":"type-page","3":"status-publish","4":"has-post-thumbnail","6":"entry"},"featured_image_src":"https:\/\/insbrok.com\/wp-content\/uploads\/2020\/01\/home-insurance-spain.jpg","featured_image_src_square":"https:\/\/insbrok.com\/wp-content\/uploads\/2020\/01\/home-insurance-spain.jpg","_links":{"self":[{"href":"https:\/\/insbrok.com\/es\/wp-json\/wp\/v2\/pages\/5231","targetHints":{"allow":["GET"]}}],"collection":[{"href":"https:\/\/insbrok.com\/es\/wp-json\/wp\/v2\/pages"}],"about":[{"href":"https:\/\/insbrok.com\/es\/wp-json\/wp\/v2\/types\/page"}],"author":[{"embeddable":true,"href":"https:\/\/insbrok.com\/es\/wp-json\/wp\/v2\/users\/1"}],"replies":[{"embeddable":true,"href":"https:\/\/insbrok.com\/es\/wp-json\/wp\/v2\/comments?post=5231"}],"version-history":[{"count":1,"href":"https:\/\/insbrok.com\/es\/wp-json\/wp\/v2\/pages\/5231\/revisions"}],"predecessor-version":[{"id":5268,"href":"https:\/\/insbrok.com\/es\/wp-json\/wp\/v2\/pages\/5231\/revisions\/5268"}],"wp:featuredmedia":[{"embeddable":true,"href":"https:\/\/insbrok.com\/es\/wp-json\/wp\/v2\/media\/2452"}],"wp:attachment":[{"href":"https:\/\/insbrok.com\/es\/wp-json\/wp\/v2\/media?parent=5231"}],"curies":[{"name":"wp","href":"https:\/\/api.w.org\/{rel}","templated":true}]}}