{"id":5233,"date":"2025-02-03T17:19:40","date_gmt":"2025-02-03T16:19:40","guid":{"rendered":"https:\/\/insbrok.com\/seguro-de-viaje-2\/"},"modified":"2025-02-07T15:33:32","modified_gmt":"2025-02-07T14:33:32","slug":"seguro-de-viaje-2","status":"publish","type":"page","link":"https:\/\/insbrok.com\/es\/seguro-de-viaje-2\/","title":{"rendered":"Seguro de viaje"},"content":{"rendered":"<p>El prop\u00f3sito del seguro de viaje es cubrir el costo de lo imprevisto, como lesiones y enfermedades o el robo de sus pertenencias personales mientras est\u00e1 de vacaciones. Tambi\u00e9n est\u00e1 dise\u00f1ado para cubrirlo si tiene que cancelar su viaje antes de partir, o si necesita regresar temprano debido a una emergencia. Cuando haya reservado un viaje, no deje el seguro de viaje en su lista de \u00abcosas por hacer\u00bb. Es un riesgo innecesario. El seguro de viaje no cubre solo el viaje en s\u00ed, hay muchas cosas que posiblemente pueden salir mal antes de que incluso salga. Por ejemplo, una lesi\u00f3n o una muerte en la familia podr\u00edan ser razones para la cancelaci\u00f3n.<\/p>\n<p style=\"text-align: center;\"><a class=\"button primary\" href=\"https:\/\/insbrok.com\/es\/seguro-de-viaje\/\">Obtenga un Cotizaci\u00f3n de Seguro de Viaje<br \/><\/a><\/p>\n<h3>\u00bfQu\u00e9 estar\u00e1 cubierto por mi p\u00f3liza de seguro de viaje?<\/h3>\n<h4>Cobertura de Salud<\/h4>\n<p>Los accidentes y lesiones, as\u00ed como cualquier enfermedad imprevista, estar\u00e1n cubiertos. Recibir tratamiento m\u00e9dico en el extranjero tambi\u00e9n incluye emergencias dentales y repatriaci\u00f3n a Espa\u00f1a. <\/p>\n<h4>Cancelaci\u00f3n<\/h4>\n<p>Si por alguna raz\u00f3n tiene que cancelar sus vacaciones y regresar temprano, su seguro de viaje cubrir\u00e1 eso. En cualquier caso, debe haber una raz\u00f3n leg\u00edtima para que termine su viaje. Si simplemente decide que en lugar de Roma prefiere ir a Par\u00eds o simplemente quiere regresar a Espa\u00f1a porque sus amigos est\u00e1n organizando una fiesta incre\u00edble, es posible que su reclamaci\u00f3n sea rechazada.  <\/p>\n<h4>Retrasos<\/h4>\n<p>Estar\u00e1 cubierto por retrasos significativos de vuelos y vuelos perdidos, trenes, etc.<\/p>\n<h4>Estar\u00e1 cubierto por retrasos significativos de vuelos y vuelos perdidos, trenes, etc.<\/h4>\n<p>Protecci\u00f3n de otros y sus propiedades contra accidentes que pueda causar mientras est\u00e1 de vacaciones. Por ejemplo, el componente de responsabilidad personal de su protecci\u00f3n lo cubrir\u00eda si, durante un viaje de esqu\u00ed, chocara con otro esquiador y lo lastimara. <\/p>\n<h4>Pertenencias Personales y Equipaje<\/h4>\n<p>Cuando est\u00e1 de vacaciones y sus pertenencias son da\u00f1adas, robadas o perdidas, el seguro de viaje lo cubrir\u00e1. Casi todo lo que lleva con usted en su viaje, como ropa cara, port\u00e1tiles, tabletas, c\u00e1maras y iPhone, est\u00e1 incluido. As\u00ed como tambi\u00e9n la p\u00e9rdida de sus documentos de viaje y pasaporte.  <\/p>\n<h4>Cobertura Anual de Seguro de Salud<\/h4>\n<p>Si piensa viajar m\u00e1s de una vez en un per\u00edodo de 12 meses, para ahorrar costos tambi\u00e9n debe considerar un <a href=\"https:\/\/insbrok.com\/?page_id=517\">seguro de viaje anual<\/a> en lugar de dos seguros de viaje de un solo trayecto. La cobertura anual lo proteger\u00e1 para un n\u00famero ilimitado de viajes durante un per\u00edodo de 12 meses. <\/p>\n<p>&nbsp;<\/p>\n","protected":false},"excerpt":{"rendered":"<p>El prop\u00f3sito del seguro de viaje es cubrir el costo de lo imprevisto, como lesiones y enfermedades o el robo de sus pertenencias personales mientras est\u00e1 de vacaciones. Tambi\u00e9n est\u00e1 dise\u00f1ado para cubrirlo si tiene que cancelar su viaje antes de partir, o si necesita regresar temprano debido a una emergencia. Cuando haya reservado un [&hellip;]<\/p>\n","protected":false},"author":1,"featured_media":0,"parent":0,"menu_order":0,"comment_status":"closed","ping_status":"closed","template":"","meta":{"_genesis_hide_title":false,"_genesis_hide_breadcrumbs":false,"_genesis_hide_singular_image":false,"_genesis_hide_footer_widgets":false,"_genesis_custom_body_class":"","_genesis_custom_post_class":"","_genesis_layout":"","footnotes":""},"class_list":{"0":"post-5233","1":"page","2":"type-page","3":"status-publish","5":"entry"},"featured_image_src":null,"featured_image_src_square":null,"_links":{"self":[{"href":"https:\/\/insbrok.com\/es\/wp-json\/wp\/v2\/pages\/5233","targetHints":{"allow":["GET"]}}],"collection":[{"href":"https:\/\/insbrok.com\/es\/wp-json\/wp\/v2\/pages"}],"about":[{"href":"https:\/\/insbrok.com\/es\/wp-json\/wp\/v2\/types\/page"}],"author":[{"embeddable":true,"href":"https:\/\/insbrok.com\/es\/wp-json\/wp\/v2\/users\/1"}],"replies":[{"embeddable":true,"href":"https:\/\/insbrok.com\/es\/wp-json\/wp\/v2\/comments?post=5233"}],"version-history":[{"count":1,"href":"https:\/\/insbrok.com\/es\/wp-json\/wp\/v2\/pages\/5233\/revisions"}],"predecessor-version":[{"id":5274,"href":"https:\/\/insbrok.com\/es\/wp-json\/wp\/v2\/pages\/5233\/revisions\/5274"}],"wp:attachment":[{"href":"https:\/\/insbrok.com\/es\/wp-json\/wp\/v2\/media?parent=5233"}],"curies":[{"name":"wp","href":"https:\/\/api.w.org\/{rel}","templated":true}]}}