{"id":5235,"date":"2025-02-03T17:21:06","date_gmt":"2025-02-03T16:21:06","guid":{"rendered":"https:\/\/insbrok.com\/seguro-de-vida\/"},"modified":"2025-02-03T17:21:06","modified_gmt":"2025-02-03T16:21:06","slug":"seguro-de-vida","status":"publish","type":"page","link":"https:\/\/insbrok.com\/es\/seguro-de-vida\/","title":{"rendered":"Seguro de vida"},"content":{"rendered":"&#13;\n<h2 class=\"wp-block-heading\"> Toda la protecci\u00f3n que necesitas <\/h2>&#13;\n&#13;\n<p>Porque sabemos lo importante que es su bienestar futuro y que su sentido de la responsabilidad le hace pensar en hipotecas, cr\u00e9ditos, pr\u00e9stamos estudiantiles\u2026 <\/p>&#13;\n&#13;\n<p>El seguro de vida es la forma m\u00e1s efectiva de asegurarse de que las personas que m\u00e1s le importan est\u00e9n bien. Garantice su nivel de vida si un d\u00eda se pierde su ingreso. <\/p>&#13;\n\r\n<div class=\"wp-block-columns has-2-columns is-layout-flex wp-container-core-columns-is-layout-9d6595d7 wp-block-columns-is-layout-flex\">\r\n<div class=\"wp-block-column is-layout-flow wp-block-column-is-layout-flow\">&#13;\n<p class=\"has-pale-cyan-blue-background-color has-background\"><strong>Muerte<\/strong><br\/><br\/>Cobertura principal del seguro de vida. Los beneficiarios recibir\u00e1n el 100% del capital contratado en caso de fallecimiento por cualquier causa.  <\/p>&#13;\n<\/div>\r\n\r\n\r\n\r\n<div class=\"wp-block-column is-layout-flow wp-block-column-is-layout-flow\">&#13;\n<p class=\"has-pale-cyan-blue-background-color has-background\"> <strong>Muerte y discapacidad absoluta y permanente<\/strong><br\/><br\/>Adem\u00e1s de la muerte, en caso de discapacidad permanente para cualquier tipo de actividad laboral, sea cual sea la raz\u00f3n, el asegurado recibir\u00e1 el capital total contratado. <\/p>&#13;\n<\/div>\r\n<\/div>\r\n&#13;\n<p>Sea lo que sea lo que pase, puede vivir con la tranquilidad de tener todo planeado. Sus preocupaciones solo deben ser sobre disfrutar del presente con las personas que m\u00e1s ama, porque nosotros nos encargamos del futuro.  <\/p>&#13;\n\n<div class=\"wp-block-button aligncenter\"><a class=\"wp-block-button__link has-background\" href=\"https:\/\/insbrok.com\/es\/solicitud-de-cotizacion-de-seguro-de-vida\/\" style=\"background-color:#029eff\">Empieza ahora<\/a><\/div>\n","protected":false},"excerpt":{"rendered":"<p>&#13; Toda la protecci\u00f3n que necesitas &#13; &#13; Porque sabemos lo importante que es su bienestar futuro y que su sentido de la responsabilidad le hace pensar en hipotecas, cr\u00e9ditos, pr\u00e9stamos estudiantiles\u2026 &#13; &#13; El seguro de vida es la forma m\u00e1s efectiva de asegurarse de que las personas que m\u00e1s le importan est\u00e9n bien. [&hellip;]<\/p>\n","protected":false},"author":1,"featured_media":2453,"parent":0,"menu_order":0,"comment_status":"closed","ping_status":"closed","template":"","meta":{"_genesis_hide_title":false,"_genesis_hide_breadcrumbs":false,"_genesis_hide_singular_image":false,"_genesis_hide_footer_widgets":false,"_genesis_custom_body_class":"","_genesis_custom_post_class":"","_genesis_layout":"","footnotes":""},"class_list":{"0":"post-5235","1":"page","2":"type-page","3":"status-publish","4":"has-post-thumbnail","6":"entry"},"featured_image_src":"https:\/\/insbrok.com\/wp-content\/uploads\/2020\/01\/life-insurance-spain.jpg","featured_image_src_square":"https:\/\/insbrok.com\/wp-content\/uploads\/2020\/01\/life-insurance-spain.jpg","_links":{"self":[{"href":"https:\/\/insbrok.com\/es\/wp-json\/wp\/v2\/pages\/5235","targetHints":{"allow":["GET"]}}],"collection":[{"href":"https:\/\/insbrok.com\/es\/wp-json\/wp\/v2\/pages"}],"about":[{"href":"https:\/\/insbrok.com\/es\/wp-json\/wp\/v2\/types\/page"}],"author":[{"embeddable":true,"href":"https:\/\/insbrok.com\/es\/wp-json\/wp\/v2\/users\/1"}],"replies":[{"embeddable":true,"href":"https:\/\/insbrok.com\/es\/wp-json\/wp\/v2\/comments?post=5235"}],"version-history":[{"count":1,"href":"https:\/\/insbrok.com\/es\/wp-json\/wp\/v2\/pages\/5235\/revisions"}],"predecessor-version":[{"id":5236,"href":"https:\/\/insbrok.com\/es\/wp-json\/wp\/v2\/pages\/5235\/revisions\/5236"}],"wp:featuredmedia":[{"embeddable":true,"href":"https:\/\/insbrok.com\/es\/wp-json\/wp\/v2\/media\/2453"}],"wp:attachment":[{"href":"https:\/\/insbrok.com\/es\/wp-json\/wp\/v2\/media?parent=5235"}],"curies":[{"name":"wp","href":"https:\/\/api.w.org\/{rel}","templated":true}]}}