{"id":5241,"date":"2025-02-03T18:27:05","date_gmt":"2025-02-03T17:27:05","guid":{"rendered":"https:\/\/insbrok.com\/mira-como-podemos-ayudarte-hoy\/"},"modified":"2025-02-03T18:43:33","modified_gmt":"2025-02-03T17:43:33","slug":"mira-como-podemos-ayudarte-hoy","status":"publish","type":"page","link":"https:\/\/insbrok.com\/es\/mira-como-podemos-ayudarte-hoy\/","title":{"rendered":"Mira c\u00f3mo podemos ayudarte hoy"},"content":{"rendered":"\n<figure class=\"wp-block-image\"><img loading=\"lazy\" decoding=\"async\" width=\"1024\" height=\"400\" src=\"https:\/\/insbrok.com\/wp-content\/uploads\/2021\/02\/insbrok-mesag-seguros-independent-insurance-broker-spain-1024x400.jpg\" alt=\"\" class=\"wp-image-980\" srcset=\"https:\/\/insbrok.com\/wp-content\/uploads\/2021\/02\/insbrok-mesag-seguros-independent-insurance-broker-spain-1024x400.jpg 1024w, https:\/\/insbrok.com\/wp-content\/uploads\/2021\/02\/insbrok-mesag-seguros-independent-insurance-broker-spain-300x117.jpg 300w, https:\/\/insbrok.com\/wp-content\/uploads\/2021\/02\/insbrok-mesag-seguros-independent-insurance-broker-spain-768x300.jpg 768w, https:\/\/insbrok.com\/wp-content\/uploads\/2021\/02\/insbrok-mesag-seguros-independent-insurance-broker-spain-150x59.jpg 150w, https:\/\/insbrok.com\/wp-content\/uploads\/2021\/02\/insbrok-mesag-seguros-independent-insurance-broker-spain.jpg 1140w\" sizes=\"auto, (max-width: 1024px) 100vw, 1024px\" \/><\/figure>\n\n<div class=\"wp-block-columns is-layout-flex wp-container-core-columns-is-layout-9d6595d7 wp-block-columns-is-layout-flex\">\n<div class=\"wp-block-column is-layout-flow wp-block-column-is-layout-flow\" style=\"flex-basis:50%\">\n<h3 class=\"wp-block-heading\">Seguro de salud<\/h3>\n\n\n\n<p>Asistencia m\u00e9dica de la m\u00e1s alta calidad en Espa\u00f1a. S\u00f3lo ofrecemos opciones de seguros m\u00e9dicos de primer nivel, compatibles con las solicitudes de residencia y visados espa\u00f1oles y con los mejores profesionales m\u00e9dicos. <\/p>\n\n\n\n<div class=\"wp-block-columns is-layout-flex wp-container-core-columns-is-layout-9d6595d7 wp-block-columns-is-layout-flex\">\n<div class=\"wp-block-column is-layout-flow wp-block-column-is-layout-flow\">\n<div class=\"wp-block-buttons is-layout-flex wp-block-buttons-is-layout-flex\">\n<div class=\"wp-block-button\"><a class=\"wp-block-button__link has-background wp-element-button\" href=\"https:\/\/insbrok.com\/es\/solicitud-de-presupuesto-de-seguro-de-salud\/\" style=\"background-color:#5c6e91\" rel=\"nofollow\">Obt\u00e9n un presupuesto gratuito<\/a><\/div>\n<\/div>\n<\/div>\n\n\n\n<div class=\"wp-block-column is-layout-flow wp-block-column-is-layout-flow\">\n<div class=\"wp-block-buttons is-layout-flex wp-block-buttons-is-layout-flex\">\n<div class=\"wp-block-button\"><a class=\"wp-block-button__link has-text-color has-background wp-element-button\" href=\"https:\/\/insbrok.com\/es\/el-mejor-seguro-medico-privado-en-espana-para-ti-y-tu-familia\/\" style=\"color:#8f384d;background-color:#ffffff\">Saber m\u00e1s<\/a><\/div>\n<\/div>\n<\/div>\n<\/div>\n<\/div>\n\n\n\n<div class=\"wp-block-column is-layout-flow wp-block-column-is-layout-flow\">\n<h3 class=\"wp-block-heading\">Seguro de Hogar e Inquilinos<\/h3>\n\n\n\n<p>Obt\u00e9n cobertura del coste de reposici\u00f3n con nuestro seguro de hogar. El seguro de hogar proteger\u00e1 la inversi\u00f3n y las posesiones del inquilino. <\/p>\n\n\n\n<div class=\"wp-block-columns is-layout-flex wp-container-core-columns-is-layout-9d6595d7 wp-block-columns-is-layout-flex\">\n<div class=\"wp-block-column is-layout-flow wp-block-column-is-layout-flow\">\n<div class=\"wp-block-buttons is-layout-flex wp-block-buttons-is-layout-flex\">\n<div class=\"wp-block-button\"><a class=\"wp-block-button__link has-background wp-element-button\" href=\"https:\/\/insbrok.com\/es\/seguro-de-hogar\/\" style=\"background-color:#5c6e91\" rel=\"nofollow\">Obt\u00e9n un presupuesto gratuito<\/a><\/div>\n<\/div>\n<\/div>\n\n\n\n<div class=\"wp-block-column is-layout-flow wp-block-column-is-layout-flow\">\n<div class=\"wp-block-buttons is-layout-flex wp-block-buttons-is-layout-flex\">\n<div class=\"wp-block-button\"><a class=\"wp-block-button__link has-text-color has-background wp-element-button\" href=\"https:\/\/insbrok.com\/es\/seguro-de-hogar-en-espana\/\" style=\"color:#8f384d;background-color:#ffffff\">Saber m\u00e1s<\/a><\/div>\n<\/div>\n<\/div>\n<\/div>\n<\/div>\n<\/div>\n\n<div class=\"wp-block-columns is-layout-flex wp-container-core-columns-is-layout-9d6595d7 wp-block-columns-is-layout-flex\">\n<div class=\"wp-block-column is-layout-flow wp-block-column-is-layout-flow\">\n<h3 class=\"wp-block-heading\">Seguro de autom\u00f3vil<\/h3>\n\n\n\n<p>El seguro de coche es un requisito legal si quieres conducir en Espa\u00f1a. Consigue un seguro de coche asequible dentro y fuera de la carretera. <\/p>\n\n\n\n<div class=\"wp-block-columns is-layout-flex wp-container-core-columns-is-layout-9d6595d7 wp-block-columns-is-layout-flex\">\n<div class=\"wp-block-column is-layout-flow wp-block-column-is-layout-flow\">\n<div class=\"wp-block-buttons is-layout-flex wp-block-buttons-is-layout-flex\">\n<div class=\"wp-block-button\"><a class=\"wp-block-button__link has-background wp-element-button\" href=\"https:\/\/insbrok.com\/es\/seguro-de-coche-en-espana\/\" style=\"background-color:#5c6e91\" rel=\"nofollow\">Obt\u00e9n un presupuesto gratuito<\/a><\/div>\n<\/div>\n<\/div>\n\n\n\n<div class=\"wp-block-column is-layout-flow wp-block-column-is-layout-flow\">\n<div class=\"wp-block-buttons is-layout-flex wp-block-buttons-is-layout-flex\">\n<div class=\"wp-block-button\"><a class=\"wp-block-button__link has-text-color has-background wp-element-button\" href=\"https:\/\/insbrok.com\/es\/seguro-de-coche-en-espana-2\/\" style=\"color:#8f384d;background-color:#ffffff\">Saber m\u00e1s<\/a><\/div>\n<\/div>\n<\/div>\n<\/div>\n<\/div>\n\n\n\n<div class=\"wp-block-column is-layout-flow wp-block-column-is-layout-flow\">\n<h3 class=\"wp-block-heading\">Seguro de vida<\/h3>\n\n\n\n<p>Planifica el futuro para que, pase lo que pase, las personas a las que quieres puedan seguir adelante.<\/p>\n\n\n\n<div class=\"wp-block-columns is-layout-flex wp-container-core-columns-is-layout-9d6595d7 wp-block-columns-is-layout-flex\">\n<div class=\"wp-block-column is-layout-flow wp-block-column-is-layout-flow\">\n<div class=\"wp-block-buttons is-layout-flex wp-block-buttons-is-layout-flex\">\n<div class=\"wp-block-button\"><a class=\"wp-block-button__link has-background wp-element-button\" href=\"https:\/\/insbrok.com\/es\/solicitud-de-cotizacion-de-seguro-de-vida\/\" style=\"background-color:#5c6e91\" rel=\"nofollow\">Obt\u00e9n un presupuesto gratuito<\/a><\/div>\n<\/div>\n<\/div>\n\n\n\n<div class=\"wp-block-column is-layout-flow wp-block-column-is-layout-flow\">\n<div class=\"wp-block-buttons is-layout-flex wp-block-buttons-is-layout-flex\">\n<div class=\"wp-block-button\"><a class=\"wp-block-button__link has-text-color has-background wp-element-button\" href=\"https:\/\/insbrok.com\/es\/seguro-de-vida\/\" style=\"color:#8f384d;background-color:#ffffff\">Saber m\u00e1s<\/a><\/div>\n<\/div>\n<\/div>\n<\/div>\n<\/div>\n<\/div>\n\n<div class=\"wp-block-columns is-layout-flex wp-container-core-columns-is-layout-9d6595d7 wp-block-columns-is-layout-flex\">\n<div class=\"wp-block-column is-layout-flow wp-block-column-is-layout-flow\">\n<h3 class=\"wp-block-heading\">Seguro de viaje<\/h3>\n\n\n\n<p>Explora el mundo sin preocupaciones. Los mejores seguros de viaje dise\u00f1ados para todas tus necesidades. <\/p>\n\n\n\n<div class=\"wp-block-columns is-layout-flex wp-container-core-columns-is-layout-9d6595d7 wp-block-columns-is-layout-flex\">\n<div class=\"wp-block-column is-layout-flow wp-block-column-is-layout-flow\">\n<div class=\"wp-block-buttons is-layout-flex wp-block-buttons-is-layout-flex\">\n<div class=\"wp-block-button\"><a class=\"wp-block-button__link has-background wp-element-button\" href=\"https:\/\/insbrok.com\/es\/seguro-de-viaje\/\" style=\"background-color:#5c6e91\">Obt\u00e9n un presupuesto gratuito<\/a><\/div>\n<\/div>\n<\/div>\n\n\n\n<div class=\"wp-block-column is-layout-flow wp-block-column-is-layout-flow\">\n<div class=\"wp-block-buttons is-layout-flex wp-block-buttons-is-layout-flex\">\n<div class=\"wp-block-button\"><a class=\"wp-block-button__link has-text-color has-background wp-element-button\" href=\"https:\/\/insbrok.com\/?page_id=517\" style=\"color:#8f384d;background-color:#ffffff\">Saber m\u00e1s<\/a><\/div>\n<\/div>\n<\/div>\n<\/div>\n\n\n\n<h2 class=\"wp-block-heading\">Seguro de mascotas<\/h2>\n\n\n\n<p>Se trata de ser responsables y de cuidar a nuestros amigos de cuatro patas.<\/p>\n\n\n\n<div class=\"wp-block-columns is-layout-flex wp-container-core-columns-is-layout-9d6595d7 wp-block-columns-is-layout-flex\">\n<div class=\"wp-block-column is-layout-flow wp-block-column-is-layout-flow\">\n<div class=\"wp-block-buttons is-layout-flex wp-block-buttons-is-layout-flex\">\n<div class=\"wp-block-button\"><a class=\"wp-block-button__link has-background wp-element-button\" href=\"https:\/\/insbrok.com\/es\/responsabilidad-civil-de-los-animales-de-compania\/\" style=\"background-color:#5c6e91\">Obt\u00e9n un presupuesto gratuito<\/a><\/div>\n<\/div>\n<\/div>\n\n\n\n<div class=\"wp-block-column is-layout-flow wp-block-column-is-layout-flow\">\n<div class=\"wp-block-buttons is-layout-flex wp-block-buttons-is-layout-flex\">\n<div class=\"wp-block-button\"><a class=\"wp-block-button__link has-white-background-color has-text-color has-background has-link-color wp-element-button\" href=\"https:\/\/insbrok.com\/es\/seguro-de-responsabilidad-civil-para-mascotas\/\" style=\"color:#8f384d\">Saber m\u00e1s<\/a><\/div>\n<\/div>\n<\/div>\n<\/div>\n<\/div>\n\n\n\n<div class=\"wp-block-column is-layout-flow wp-block-column-is-layout-flow\">\n<h3 class=\"wp-block-heading\">Seguro de decesos<\/h3>\n\n\n\n<p>Los planes funerarios te permiten pagar el funeral por adelantado y proteger a tus seres queridos frente a gastos imprevistos y complicaciones.<\/p>\n\n\n\n<div class=\"wp-block-columns is-layout-flex wp-container-core-columns-is-layout-9d6595d7 wp-block-columns-is-layout-flex\">\n<div class=\"wp-block-column is-layout-flow wp-block-column-is-layout-flow\">\n<div class=\"wp-block-buttons is-layout-flex wp-block-buttons-is-layout-flex\">\n<div class=\"wp-block-button\"><a class=\"wp-block-button__link has-background wp-element-button\" href=\"https:\/\/insbrok.com\/funeral-insurance\/\" style=\"background-color:#5c6e91\" rel=\"nofollow\">Obt\u00e9n un presupuesto gratuito<\/a><\/div>\n<\/div>\n<\/div>\n\n\n\n<div class=\"wp-block-column is-layout-flow wp-block-column-is-layout-flow\">\n<div class=\"wp-block-buttons is-layout-flex wp-block-buttons-is-layout-flex\">\n<div class=\"wp-block-button\"><a class=\"wp-block-button__link has-text-color has-background wp-element-button\" href=\"https:\/\/insbrok.com\/es\/cobertura-de-decesos-y-repatriacion\/\" style=\"color:#8f384d;background-color:#ffffff\">Saber m\u00e1s<\/a><\/div>\n<\/div>\n<\/div>\n<\/div>\n<\/div>\n<\/div>\n\n<div class=\"wp-block-columns is-layout-flex wp-container-core-columns-is-layout-9d6595d7 wp-block-columns-is-layout-flex\">\n<div class=\"wp-block-column is-layout-flow wp-block-column-is-layout-flow\"><\/div>\n<\/div>\n","protected":false},"excerpt":{"rendered":"<p>Seguro de salud Asistencia m\u00e9dica de la m\u00e1s alta calidad en Espa\u00f1a. S\u00f3lo ofrecemos opciones de seguros m\u00e9dicos de primer nivel, compatibles con las solicitudes de residencia y visados espa\u00f1oles y con los mejores profesionales m\u00e9dicos. Seguro de Hogar e Inquilinos Obt\u00e9n cobertura del coste de reposici\u00f3n con nuestro seguro de hogar. El seguro de [&hellip;]<\/p>\n","protected":false},"author":1,"featured_media":0,"parent":0,"menu_order":0,"comment_status":"closed","ping_status":"closed","template":"","meta":{"_genesis_hide_title":false,"_genesis_hide_breadcrumbs":false,"_genesis_hide_singular_image":false,"_genesis_hide_footer_widgets":false,"_genesis_custom_body_class":"","_genesis_custom_post_class":"","_genesis_layout":"full-width-content","footnotes":""},"class_list":{"0":"post-5241","1":"page","2":"type-page","3":"status-publish","5":"entry"},"featured_image_src":null,"featured_image_src_square":null,"_links":{"self":[{"href":"https:\/\/insbrok.com\/es\/wp-json\/wp\/v2\/pages\/5241","targetHints":{"allow":["GET"]}}],"collection":[{"href":"https:\/\/insbrok.com\/es\/wp-json\/wp\/v2\/pages"}],"about":[{"href":"https:\/\/insbrok.com\/es\/wp-json\/wp\/v2\/types\/page"}],"author":[{"embeddable":true,"href":"https:\/\/insbrok.com\/es\/wp-json\/wp\/v2\/users\/1"}],"replies":[{"embeddable":true,"href":"https:\/\/insbrok.com\/es\/wp-json\/wp\/v2\/comments?post=5241"}],"version-history":[{"count":3,"href":"https:\/\/insbrok.com\/es\/wp-json\/wp\/v2\/pages\/5241\/revisions"}],"predecessor-version":[{"id":5258,"href":"https:\/\/insbrok.com\/es\/wp-json\/wp\/v2\/pages\/5241\/revisions\/5258"}],"wp:attachment":[{"href":"https:\/\/insbrok.com\/es\/wp-json\/wp\/v2\/media?parent=5241"}],"curies":[{"name":"wp","href":"https:\/\/api.w.org\/{rel}","templated":true}]}}