{"id":5525,"date":"2025-09-11T16:16:32","date_gmt":"2025-09-11T14:16:32","guid":{"rendered":"https:\/\/insbrok.com\/?page_id=5525"},"modified":"2025-09-11T16:16:32","modified_gmt":"2025-09-11T14:16:32","slug":"politica-de-privacidad-y-proteccion-de-datos","status":"publish","type":"page","link":"https:\/\/insbrok.com\/es\/politica-de-privacidad-y-proteccion-de-datos\/","title":{"rendered":"Pol\u00edtica de Privacidad y Protecci\u00f3n de Datos"},"content":{"rendered":"<h2>LEY DE SERVICIOS DE LA SOCIEDAD DE LA INFORMACI\u00d3N (LSSI)<\/h2>\n<p><strong> <\/strong>GIDEA GESTI\u00d3N INTEGRAL PRODUCTO GRAN CONSUMO, SL, responsable del sitio web, en adelante el RESPONSABLE, pone a disposici\u00f3n de los usuarios este documento, que tiene por objeto cumplir con las obligaciones dispuestas en la Ley 34\/2002, de 11 de julio, de Servicios de la Sociedad de la Informaci\u00f3n y del Comercio Electr\u00f3nico (LSSICE), Bolet\u00edn Oficial del Estado n\u00ba 166, as\u00ed como informar a todos los usuarios del sitio web sobre las condiciones de uso.<\/p>\n<p>Cualquier persona que acceda a este sitio web adquiere la condici\u00f3n de usuario, comprometi\u00e9ndose a la observancia y cumplimiento riguroso de las disposiciones aqu\u00ed dispuestas, as\u00ed como a cualquier otra disposici\u00f3n legal que fuera de aplicaci\u00f3n.<\/p>\n<p>GIDEA GESTI\u00d3N INTEGRAL PRODUCTO GRAN CONSUMO, SL se reserva el derecho a modificar cualquier tipo de informaci\u00f3n que pudiera aparecer en el sitio web, sin que exista obligaci\u00f3n de preavisar o poner en conocimiento de los usuarios dichas obligaciones, entendi\u00e9ndose como suficiente con la publicaci\u00f3n en el sitio web de GIDEA GESTI\u00d3N INTEGRAL PRODUCTO GRAN CONSUMO, SL.<\/p>\n<h2>1. DATOS IDENTIFICATIVOS<\/h2>\n<p>Nombre de dominio: insbrok.com Denominaci\u00f3n comercial: GIDEA<\/p>\n<p>Denominaci\u00f3n social: GIDEA GESTI\u00d3N INTEGRAL PRODUCTO GRAN CONSUMO, SL CIF: B98925209<\/p>\n<p>Domicilio social: Calle Pea\u00f1a 3 2 3. 46022, Valencia (Valencia). Espa\u00f1a<\/p>\n<p>Tel\u00e9fono: 615818776<\/p>\n<p>Correo electr\u00f3nico: info@gideagestion.com<\/p>\n<h2>2. DERECHOS DE PROPIEDAD INTELECTUAL E INDUSTRIAL<\/h2>\n<p>El sitio web, incluyendo a t\u00edtulo enunciativo pero no limitativo su programaci\u00f3n, edici\u00f3n, compilaci\u00f3n y dem\u00e1s elementos necesarios para su funcionamiento, los dise\u00f1os, logotipos, texto y\/o gr\u00e1ficos, son propiedad del RESPONSABLE o, en su caso, dispone de licencia o autorizaci\u00f3n expresa por parte de los autores. Todos los contenidos del sitio web se encuentran debidamente protegidos por la normativa de propiedad intelectual e industrial, as\u00ed como inscritos en los registros p\u00fablicos correspondientes.<\/p>\n<p>Independientemente de la finalidad para la que fueran destinados, la reproducci\u00f3n total o parcial, uso, explotaci\u00f3n, distribuci\u00f3n y comercializaci\u00f3n, requiere en todo caso de la autorizaci\u00f3n escrita previa por parte del RESPONSABLE. Cualquier uso no autorizado se considera un incumplimiento grave de los derechos de propiedad intelectual o industrial del autor.<\/p>\n<p>Los dise\u00f1os, logotipos, texto y\/o gr\u00e1ficos ajenos al RESPONSABLE y que pudieran aparecer en el sitio web, pertenecen a sus respectivos propietarios, siendo ellos mismos responsables de cualquier posible controversia que pudiera suscitarse respecto a los mismos. El RESPONSABLE autoriza expresamente a que terceros puedan redirigir directamente a los contenidos concretos del sitio web, y en todo caso a redirigir al sitio web principal de insbrok.com.<\/p>\n<p>El RESPONSABLE reconoce a favor de sus titulares los correspondientes derechos de propiedad intelectual e industrial, no implicando su sola menci\u00f3n o aparici\u00f3n en el sitio web la existencia de derechos o responsabilidad alguna sobre los mismos, como tampoco respaldo, patrocinio o recomendaci\u00f3n por parte del mismo.<\/p>\n<p>Para realizar cualquier tipo de observaci\u00f3n respecto a posibles incumplimientos de los derechos de propiedad intelectual o industrial, as\u00ed como sobre cualquiera de los contenidos del sitio web, puede hacerlo a trav\u00e9s del correo electr\u00f3nico privacy@gideagestion.com<\/p>\n<h2>3. EXENCI\u00d3N DE RESPONSABILIDADES<\/h2>\n<p>&nbsp;<\/p>\n<p>El RESPONSABLE se exime de cualquier tipo de responsabilidad derivada de la informaci\u00f3n publicada en su sitio web siempre que no tenga conocimiento efectivo de que esta informaci\u00f3n haya sido manipulada o introducida por un tercero ajeno al mismo o, si lo tiene, haya actuado con diligencia para retirar los datos o hacer imposible el acceso a los mismos.<\/p>\n<h3>Uso de Cookies<\/h3>\n<p>Este sitio web utiliza cookies t\u00e9cnicas (peque\u00f1os archivos de informaci\u00f3n que el servidor env\u00eda al ordenador del usuario que accede a la p\u00e1gina) con el fin de llevar a cabo determinadas funciones que son consideradas imprescindibles para el correcto funcionamiento y visualizaci\u00f3n del sitio. En todo caso, las cookies utilizadas son temporales, con la \u00fanica finalidad de hacer m\u00e1s eficaz la navegaci\u00f3n, y desaparecen al terminar la sesi\u00f3n del usuario. En ning\u00fan caso, estas cookies proporcionan por s\u00ed mismas datos de car\u00e1cter personal y no se utilizar\u00e1n para la recogida de los mismos.<\/p>\n<p>Mediante el uso de cookies tambi\u00e9n es posible que el servidor donde se encuentra la web reconozca el navegador utilizado por el usuario con la finalidad de que la navegaci\u00f3n sea m\u00e1s sencilla, permitiendo, por ejemplo, el acceso de los usuarios que se hayan registrado previamente a las \u00e1reas, servicios, promociones o concursos reservados exclusivamente a ellos sin tener que registrarse en cada visita. Tambi\u00e9n se pueden utilizar para medir la audiencia, par\u00e1metros de tr\u00e1fico, controlar el progreso y n\u00famero de entradas, etc. En estos casos, las cookies utilizadas son t\u00e9cnicamente no imprescindibles pero beneficiosas para el usuario. Este sitio web no instalar\u00e1 cookies no imprescindibles sin el consentimiento previo del usuario.<\/p>\n<p>Este sitio web utiliza cookies anal\u00edticas para permitir la funci\u00f3n de seguimiento de visitante \u00fanico que facilita su navegaci\u00f3n. Todos los usuarios que visitan la web son informados del uso de estas cookies mediante un banner flotante. Si aceptan el tratamiento, se considera que consienten su uso. Si se acepta su uso, el banner desaparecer\u00e1, aunque es posible revocar el consentimiento y obtener m\u00e1s informaci\u00f3n en cualquier momento consultando nuestra Pol\u00edtica de Cookies.<\/p>\n<p>El navegador puede ser configurado por el usuario para que le avise de la recepci\u00f3n de cookies y para impedir su instalaci\u00f3n en su equipo. Para m\u00e1s informaci\u00f3n, consulte las instrucciones de su navegador.<\/p>\n<h3>Pol\u00edtica de enlaces<\/h3>\n<p>El usuario de este sitio web puede ser redirigido a contenidos de terceros sitios web. Dado que el RESPONSABLE no puede controlar siempre los contenidos introducidos por terceros en sus respectivos sitios web, \u00e9ste no asume ning\u00fan tipo de responsabilidad respecto a dichos contenidos. En todo caso, el RESPONSABLE manifiesta que proceder\u00e1 a la retirada inmediata de cualquier contenido que pudiera contravenir la legislaci\u00f3n nacional o internacional, la moral o el orden p\u00fablico, procediendo a la retirada inmediata de la redirecci\u00f3n a dicho sitio web, poniendo en conocimiento de las autoridades competentes el contenido en cuesti\u00f3n.<\/p>\n<p>El RESPONSABLE no se responsabiliza de la informaci\u00f3n y contenidos almacenados, a t\u00edtulo enunciativo pero no limitativo, en foros, chats, generadores de blogs, comentarios, redes sociales o cualquier otro medio que permita a terceros publicar contenidos de forma independiente en la p\u00e1gina web del RESPONSABLE. Sin embargo y en cumplimiento de lo dispuesto en los art\u00edculos 11 y 16 de la LSSICE, se pone a disposici\u00f3n de todos los usuarios, autoridades y fuerzas y cuerpos de seguridad, colaborando de forma activa en la retirada o en su caso bloqueo de todos aquellos contenidos que puedan afectar o contravenir la legislaci\u00f3n nacional o internacional, derechos de terceros o la moral y el orden p\u00fablico. En caso de que el usuario considere que existe en el sitio web alg\u00fan contenido que pudiera ser susceptible de esta clasificaci\u00f3n, se ruega lo notifique de forma inmediata al administrador del sitio web.<\/p>\n<p>Este sitio web ha sido revisado y probado para que funcione correctamente. En principio, puede garantizarse el correcto funcionamiento los 365 d\u00edas del a\u00f1o, 24 horas al d\u00eda. No obstante, el RESPONSABLE no descarta la posibilidad de que existan ciertos errores de programaci\u00f3n, o que acontezcan causas de fuerza mayor, cat\u00e1strofes naturales, huelgas o circunstancias semejantes que hagan imposible el acceso a la p\u00e1gina web.<\/p>\n<h3>Direcciones IP<\/h3>\n<p>Los servidores del sitio web podr\u00e1n detectar de manera autom\u00e1tica la direcci\u00f3n IP y el nombre de dominio utilizados por el usuario. Una direcci\u00f3n IP es un n\u00famero asignado autom\u00e1ticamente a un ordenador cuando se conecta a Internet. Toda esta informaci\u00f3n se registra en un archivo de actividad del servidor debidamente registrado que permite el posterior procesamiento de los datos con el fin de obtener \u00fanicamente mediciones estad\u00edsticas que nos muestren el n\u00famero de impresiones de p\u00e1ginas, el n\u00famero de visitas realizadas a los servidores web, el orden de visitas, el punto de acceso, etc.<\/p>\n<h2>4. LEY APLICABLE Y JURISDICCI\u00d3N<\/h2>\n<p>Para la resoluci\u00f3n de todas las controversias o cuestiones relacionadas con el presente sitio web o de las actividades en \u00e9l desarrolladas, ser\u00e1 de aplicaci\u00f3n la legislaci\u00f3n espa\u00f1ola, a la que se someten expresamente las partes, siendo competentes para la resoluci\u00f3n de todos los conflictos derivados o relacionados con su uso los Juzgados y Tribunales del domicilio del USUARIO o del lugar de cumplimiento de la obligaci\u00f3n.<\/p>\n","protected":false},"excerpt":{"rendered":"<p>LEY DE SERVICIOS DE LA SOCIEDAD DE LA INFORMACI\u00d3N (LSSI) GIDEA GESTI\u00d3N INTEGRAL PRODUCTO GRAN CONSUMO, SL, responsable del sitio web, en adelante el RESPONSABLE, pone a disposici\u00f3n de los usuarios este documento, que tiene por objeto cumplir con las obligaciones dispuestas en la Ley 34\/2002, de 11 de julio, de Servicios de la Sociedad [&hellip;]<\/p>\n","protected":false},"author":1,"featured_media":0,"parent":0,"menu_order":0,"comment_status":"closed","ping_status":"closed","template":"","meta":{"_genesis_hide_title":false,"_genesis_hide_breadcrumbs":false,"_genesis_hide_singular_image":false,"_genesis_hide_footer_widgets":false,"_genesis_custom_body_class":"","_genesis_custom_post_class":"","_genesis_layout":"","footnotes":""},"class_list":{"0":"post-5525","1":"page","2":"type-page","3":"status-publish","5":"entry"},"featured_image_src":null,"featured_image_src_square":null,"_links":{"self":[{"href":"https:\/\/insbrok.com\/es\/wp-json\/wp\/v2\/pages\/5525","targetHints":{"allow":["GET"]}}],"collection":[{"href":"https:\/\/insbrok.com\/es\/wp-json\/wp\/v2\/pages"}],"about":[{"href":"https:\/\/insbrok.com\/es\/wp-json\/wp\/v2\/types\/page"}],"author":[{"embeddable":true,"href":"https:\/\/insbrok.com\/es\/wp-json\/wp\/v2\/users\/1"}],"replies":[{"embeddable":true,"href":"https:\/\/insbrok.com\/es\/wp-json\/wp\/v2\/comments?post=5525"}],"version-history":[{"count":2,"href":"https:\/\/insbrok.com\/es\/wp-json\/wp\/v2\/pages\/5525\/revisions"}],"predecessor-version":[{"id":5527,"href":"https:\/\/insbrok.com\/es\/wp-json\/wp\/v2\/pages\/5525\/revisions\/5527"}],"wp:attachment":[{"href":"https:\/\/insbrok.com\/es\/wp-json\/wp\/v2\/media?parent=5525"}],"curies":[{"name":"wp","href":"https:\/\/api.w.org\/{rel}","templated":true}]}}